{"id":373,"date":"2024-01-03T19:48:50","date_gmt":"2024-01-03T18:48:50","guid":{"rendered":"https:\/\/soulflame.eu\/?page_id=373"},"modified":"2024-01-07T17:36:27","modified_gmt":"2024-01-07T16:36:27","slug":"impr","status":"publish","type":"page","link":"https:\/\/soulflame.eu\/en\/impr\/","title":{"rendered":"Impr"},"content":{"rendered":"<div data-elementor-type=\"wp-page\" data-elementor-id=\"373\" class=\"elementor elementor-373\">\n\t\t\t\t<div class=\"elementor-element elementor-element-7487589 e-flex e-con-boxed e-con e-parent\" data-id=\"7487589\" data-element_type=\"container\" data-e-type=\"container\" data-settings=\"{&quot;background_background&quot;:&quot;gradient&quot;}\">\n\t\t\t\t\t<div class=\"e-con-inner\">\n\t\t\t\t<div class=\"elementor-element elementor-element-4d948e6 elementor-widget elementor-widget-heading\" data-id=\"4d948e6\" data-element_type=\"widget\" data-e-type=\"widget\" data-widget_type=\"heading.default\">\n\t\t\t\t<div class=\"elementor-widget-container\">\n\t\t\t\t\t<h2 class=\"elementor-heading-title elementor-size-default\">Impressum<\/h2>\t\t\t\t<\/div>\n\t\t\t\t<\/div>\n\t\t\t\t<div class=\"elementor-element elementor-element-cf90270 elementor-widget elementor-widget-text-editor\" data-id=\"cf90270\" data-element_type=\"widget\" data-e-type=\"widget\" data-widget_type=\"text-editor.default\">\n\t\t\t\t<div class=\"elementor-widget-container\">\n\t\t\t\t\t\t\t\t\t<p><span style=\"font-family: Arial, sans-serif;\">Verantwortlich:<\/span><\/p><p><span style=\"font-family: Arial, sans-serif;\">Marietta Bapoungue<\/span><\/p><p><span style=\"font-family: Arial, sans-serif;\">Johann-Thomer-Str. 5<\/span><\/p><p><span style=\"font-family: Arial, sans-serif;\">50827 K\u00f6ln<\/span><\/p><p><span style=\"font-family: Arial, sans-serif;\">Tel.: 0221\/25935942<\/span><\/p><p><span style=\"font-family: Arial, sans-serif;\"><a href=\"https:\/\/soulflame.eu\/en\/\">www.soulflame.eu<\/a><\/span><\/p><p><span style=\"font-family: Arial, sans-serif;\"><a href=\"mailto:welcome@soulflame.eu\">welcome@soulflame.eu<\/a><\/span><\/p><p><span style=\"font-family: Arial, sans-serif;\">Alle Texte und Websitegestaltung:<\/span><\/p><p align=\"LEFT\"><span style=\"font-family: Arial, sans-serif;\"><span style=\"color: #24483a;\"><span style=\"font-family: Open Sans, Open Sans Fallback;\"><span style=\"font-size: medium;\">\u00a9<\/span><\/span><\/span> 2024 Marietta Bapoungue<\/span><\/p>\t\t\t\t\t\t\t\t<\/div>\n\t\t\t\t<\/div>\n\t\t\t\t<div class=\"elementor-element elementor-element-92ffddf elementor-widget elementor-widget-text-editor\" data-id=\"92ffddf\" data-element_type=\"widget\" data-e-type=\"widget\" data-widget_type=\"text-editor.default\">\n\t\t\t\t<div class=\"elementor-widget-container\">\n\t\t\t\t\t\t\t\t\t<p><span style=\"font-family: Arial, sans-serif;\"><b>Haftung f\u00fcr Inhalte<\/b><\/span><\/p><p><span style=\"font-family: Arial, sans-serif;\">Die Inhalte meiner Seiten wurden mit gr\u00f6\u00dfter Sorgfalt erstellt. Als Diensteanbieterin bin ich gem\u00e4\u00df \u00a77 Abs.1 TMG f\u00fcr eigene Inhalte auf diesen Seiten nach den allgemeinen Gesetzen verantwortlich. Nach \u00a7\u00a7 8 \u2013 10 TMG bin ich als Diensteanbierin jedoch nicht verpflichtet,, \u00fcbermittelte oder gespeicherte fremde Informationen zu \u00fcberwachen oder dach Umst\u00e4nden zu forschen, die auf eine rechtswidrige T\u00e4tigkeit hinweisen.<\/span><\/p><p><span style=\"font-family: Arial, sans-serif;\">Verpflichtungen zur Entfernung oder Sperrung der Nutzung von Infomationen nach den allgemeinen Gesetzen bleiben hiervon unber\u00fchrt. Eine diesbez\u00fcgliche Haftung ist jedoch erst ab dem Zeitpunkt der Kenntnis einer konkreten Rechtsverletzung m\u00f6glich. Bei Bekanntwerden von entsprechenden Rechtsverletzungen werde ich diese Inhalte umgehend entfernen.<\/span><\/p><p><span style=\"font-family: Arial, sans-serif;\"><b>Haftung f\u00fcr Links<\/b><\/span><\/p><p><span style=\"font-family: Arial, sans-serif;\">Mein Angebot mag Links zu externen Webseiten Dritter, auf deren Inhalte ich keinen Einfluss habe, enthalten. Deshalb kann ich f\u00fcr diese fremden Inhalte auch keine Gew\u00f6hr \u00fcbernehmen. F\u00fcr die Inhalte der verlinkten Seiten ist stets der jeweilige Anbieter oder Betreiber der Seiten verantwortlich. Die verlinkten Seiten wurden zum Zeitpunkt der Verlinkung auf m\u00f6gliche Rechtsverst\u00f6\u00dfe \u00fcberpr\u00fcft. Rechtswidrige Inhalte waren zjm Zeitpunkt der Verlinkung nicht erkennbar. Eine permanente inhaltliche Kontrolle der verlinkten Seiten ist jedoch ohne konkrete Anhaltspunkte einer Rechtsverletzung nicht zumutbar. Bei Bekanntwerden von Rechtsverletzungen werde ich derartige Links umgehend entfernen.<\/span><\/p><p><span style=\"font-family: Arial, sans-serif;\">Urheberrecht<\/span><\/p><p><span style=\"font-family: Arial, sans-serif;\">Die durch mich erstellten Inhalte und Werke auf diesen Seiten unterliegen dem deutschen Urheberrecht. Die Vervielf\u00e4ltigung, Bearbeitung, Verbreitung und jede Art von Verwertung au\u00dferhalb der Grenzen des Urheberrechts bed\u00fcrfen meiner schriftlichen Zustimmung. Downloads und Kopien dieser Seite sind nur f\u00fcr den privaten, nicht f\u00fcr den kommerziellen Gebrauch gestattet. Soweit die Inhalte auf dieser Seite nicht von mir erstellt wurde, werden die Urheberrechte Dritter beachtet. Sollten Sie trotzdem auf eine Urheberrechtsverletzung aufmerksam werden, bitte ich um einen entsprechenden Hinweis. Bei Bekanntwerden von Rechtsverletzungen werde ich derartige Inhalte umgehend entfernen.<\/span><\/p>\t\t\t\t\t\t\t\t<\/div>\n\t\t\t\t<\/div>\n\t\t\t\t\t<\/div>\n\t\t\t\t<\/div>\n\t\t\t\t<\/div>","protected":false},"excerpt":{"rendered":"<p>Impressum Verantwortlich: Marietta Bapoungue Johann-Thomer-Str. 5 50827 K\u00f6ln Tel.: 0221\/25935942 www.soulflame.eu welcome@soulflame.eu Alle Texte und Websitegestaltung: \u00a9 2024 Marietta Bapoungue Haftung f\u00fcr Inhalte Die Inhalte meiner Seiten wurden mit gr\u00f6\u00dfter [&hellip;]<\/p>\n","protected":false},"author":1,"featured_media":0,"parent":0,"menu_order":0,"comment_status":"closed","ping_status":"closed","template":"","meta":{"ocean_post_layout":"full-screen","ocean_both_sidebars_style":"","ocean_both_sidebars_content_width":0,"ocean_both_sidebars_sidebars_width":0,"ocean_sidebar":"","ocean_second_sidebar":"","ocean_disable_margins":"enable","ocean_add_body_class":"","ocean_shortcode_before_top_bar":"","ocean_shortcode_after_top_bar":"","ocean_shortcode_before_header":"","ocean_shortcode_after_header":"","ocean_has_shortcode":"","ocean_shortcode_after_title":"","ocean_shortcode_before_footer_widgets":"","ocean_shortcode_after_footer_widgets":"","ocean_shortcode_before_footer_bottom":"","ocean_shortcode_after_footer_bottom":"","ocean_display_top_bar":"default","ocean_display_header":"default","ocean_header_style":"","ocean_center_header_left_menu":"","ocean_custom_header_template":"","ocean_custom_logo":0,"ocean_custom_retina_logo":0,"ocean_custom_logo_max_width":0,"ocean_custom_logo_tablet_max_width":0,"ocean_custom_logo_mobile_max_width":0,"ocean_custom_logo_max_height":0,"ocean_custom_logo_tablet_max_height":0,"ocean_custom_logo_mobile_max_height":0,"ocean_header_custom_menu":"","ocean_menu_typo_font_family":"","ocean_menu_typo_font_subset":"","ocean_menu_typo_font_size":0,"ocean_menu_typo_font_size_tablet":0,"ocean_menu_typo_font_size_mobile":0,"ocean_menu_typo_font_size_unit":"px","ocean_menu_typo_font_weight":"","ocean_menu_typo_font_weight_tablet":"","ocean_menu_typo_font_weight_mobile":"","ocean_menu_typo_transform":"","ocean_menu_typo_transform_tablet":"","ocean_menu_typo_transform_mobile":"","ocean_menu_typo_line_height":0,"ocean_menu_typo_line_height_tablet":0,"ocean_menu_typo_line_height_mobile":0,"ocean_menu_typo_line_height_unit":"","ocean_menu_typo_spacing":0,"ocean_menu_typo_spacing_tablet":0,"ocean_menu_typo_spacing_mobile":0,"ocean_menu_typo_spacing_unit":"","ocean_menu_link_color":"","ocean_menu_link_color_hover":"","ocean_menu_link_color_active":"","ocean_menu_link_background":"","ocean_menu_link_hover_background":"","ocean_menu_link_active_background":"","ocean_menu_social_links_bg":"","ocean_menu_social_hover_links_bg":"","ocean_menu_social_links_color":"","ocean_menu_social_hover_links_color":"","ocean_disable_title":"on","ocean_disable_heading":"default","ocean_post_title":"","ocean_post_subheading":"","ocean_post_title_style":"","ocean_post_title_background_color":"","ocean_post_title_background":0,"ocean_post_title_bg_image_position":"","ocean_post_title_bg_image_attachment":"","ocean_post_title_bg_image_repeat":"","ocean_post_title_bg_image_size":"","ocean_post_title_height":0,"ocean_post_title_bg_overlay":0.5,"ocean_post_title_bg_overlay_color":"","ocean_disable_breadcrumbs":"default","ocean_breadcrumbs_color":"","ocean_breadcrumbs_separator_color":"","ocean_breadcrumbs_links_color":"","ocean_breadcrumbs_links_hover_color":"","ocean_display_footer_widgets":"default","ocean_display_footer_bottom":"default","ocean_custom_footer_template":"","footnotes":""},"class_list":["post-373","page","type-page","status-publish","hentry","entry"],"_links":{"self":[{"href":"https:\/\/soulflame.eu\/en\/wp-json\/wp\/v2\/pages\/373","targetHints":{"allow":["GET"]}}],"collection":[{"href":"https:\/\/soulflame.eu\/en\/wp-json\/wp\/v2\/pages"}],"about":[{"href":"https:\/\/soulflame.eu\/en\/wp-json\/wp\/v2\/types\/page"}],"author":[{"embeddable":true,"href":"https:\/\/soulflame.eu\/en\/wp-json\/wp\/v2\/users\/1"}],"replies":[{"embeddable":true,"href":"https:\/\/soulflame.eu\/en\/wp-json\/wp\/v2\/comments?post=373"}],"version-history":[{"count":4,"href":"https:\/\/soulflame.eu\/en\/wp-json\/wp\/v2\/pages\/373\/revisions"}],"predecessor-version":[{"id":431,"href":"https:\/\/soulflame.eu\/en\/wp-json\/wp\/v2\/pages\/373\/revisions\/431"}],"wp:attachment":[{"href":"https:\/\/soulflame.eu\/en\/wp-json\/wp\/v2\/media?parent=373"}],"curies":[{"name":"wp","href":"https:\/\/api.w.org\/{rel}","templated":true}]}}