{"id":361,"date":"2024-01-03T18:24:29","date_gmt":"2024-01-03T17:24:29","guid":{"rendered":"https:\/\/soulflame.eu\/?page_id=361"},"modified":"2024-01-07T17:34:32","modified_gmt":"2024-01-07T16:34:32","slug":"allgemeine-geschaeftsbedingungen","status":"publish","type":"page","link":"https:\/\/soulflame.eu\/en\/allgemeine-geschaeftsbedingungen\/","title":{"rendered":"Allgemeine Gesch\u00e4ftsbedingungen"},"content":{"rendered":"<div data-elementor-type=\"wp-page\" data-elementor-id=\"361\" class=\"elementor elementor-361\">\n\t\t\t\t<div class=\"elementor-element elementor-element-60ec0df e-flex e-con-boxed e-con e-parent\" data-id=\"60ec0df\" data-element_type=\"container\" data-e-type=\"container\" data-settings=\"{&quot;background_background&quot;:&quot;gradient&quot;}\">\n\t\t\t\t\t<div class=\"e-con-inner\">\n\t\t\t\t<div class=\"elementor-element elementor-element-8f2a9a1 elementor-widget elementor-widget-heading\" data-id=\"8f2a9a1\" data-element_type=\"widget\" data-e-type=\"widget\" data-widget_type=\"heading.default\">\n\t\t\t\t<div class=\"elementor-widget-container\">\n\t\t\t\t\t<h2 class=\"elementor-heading-title elementor-size-default\">Allgemeine Gesch\u00e4ftsbedingungen (AGB)<\/h2>\t\t\t\t<\/div>\n\t\t\t\t<\/div>\n\t\t\t\t<div class=\"elementor-element elementor-element-ac939d4 elementor-widget elementor-widget-text-editor\" data-id=\"ac939d4\" data-element_type=\"widget\" data-e-type=\"widget\" data-widget_type=\"text-editor.default\">\n\t\t\t\t<div class=\"elementor-widget-container\">\n\t\t\t\t\t\t\t\t\t<ol><li><span style=\"font-family: Arial, sans-serif;\"><b>Geltungsbereich<\/b><\/span><p>\u00a0<\/p><p><span style=\"font-family: Arial, sans-serif;\">Diese AGB gelten f\u00fcr jegliche Nutzung der Coachings von Marietta Bapoungue unabh\u00e4ngig von Ort, Zeit und Art ihrer Durchf\u00fchrung, sofern sich nicht aus einem Einzelvertrag etwas anderes ergibt. Die AGB werden \u00fcber die Seite www.soulflame.eu bekannt gegeben. Mit der Anmeldung zu einem von Marietta Bapoungue angebotenen Coachings werden die AGB Vertragsbestandteil des Kundenvertrags.<\/span><\/p><\/li><\/ol><ol start=\"2\"><li><span style=\"font-family: Arial, sans-serif;\"><b>Anmeldung<\/b><\/span><p>\u00a0<\/p><p><span style=\"font-family: Arial, sans-serif;\">Die Anmeldung zu den Coachings von Marietta Bapoungue erfolgt \u00fcber das Kontaktformular oder per E-Mail nach Terminabsprache oder \u2013 bei Veranstaltungen mit mehreren Teilnehmern \u2013 \u00fcber den Eventkalender. Da hierbei die Teilnehmerzahl begrenzt ist, erfolgt die Platzvergabe nach der zeitlichen Reihenfolge der Anmeldung. Ausgebuchte Veranstaltungen werden auf der Internetseite m\u00f6glichst zeitnah als solche gekennzeichnet. Zeitnah nach Erhalt der Anmeldung erfolgt eine Anmeldebest\u00e4tigung durch Marietta Bapoungue per E-Mail, damit ist das Coaching oder die Veranstaltung dann verbindlich gebucht. Die gesamten Coaching- oder Veranstaltungsgeb\u00fchren sind 4 Wochen vor Beginn f\u00e4llig. Bei kurzfristigeren Buchung unmittelbar nach Erhalt der Best\u00e4tigungsmail. Der Teilnehmer erh\u00e4lt im Anschluss an das erfolgte Coaching\/die erfolgte Veranstaltung eine Rechnung.<\/span><\/p><\/li><\/ol><ol start=\"3\"><li><span style=\"font-family: Arial, sans-serif;\"><b>Personenbezogene Daten<\/b><\/span><p>\u00a0<\/p><p><span style=\"font-family: Arial, sans-serif;\">Alle Klienten werden nach \u00a733 Bundesdatenschutzgesetz darauf hingewiesen, dass ihre personenbezogenen Daten zu Bearbeitungszwecken elektronisch gespeichert werden. Die Bestimmungen des Datenschutzgesetzes werden dabei selbstverst\u00e4ndlich beachtet. Der Klient erkl\u00e4rt sich in diesem Umfang mit der elektronischen Nutzung und Bearbeitung der personenbezogenen Daten, auch f\u00fcr die Zustellung von Newslettern und Mailings durch Marietta Bapoungue, einverstanden. Die Weitergabe personenbezogener Daten an Dritte ist ohne besondere Einverst\u00e4ndniserkl\u00e4rung der Betroffenen unzul\u00e4ssig.<\/span><\/p><\/li><\/ol><ol start=\"4\"><li><span style=\"font-family: Arial, sans-serif;\"><b>Preise<\/b><\/span><p>\u00a0<\/p><p><span style=\"font-family: Arial, sans-serif;\">Angegebene Preise sind Endpreise.<\/span><\/p><\/li><\/ol><ol start=\"5\"><li><span style=\"font-family: Arial, sans-serif;\"><b>Stornierung<\/b><\/span><p>\u00a0<\/p><p><span style=\"font-family: Arial, sans-serif;\">Stornierungen oder Umbuchungen m\u00fcssen stets schriftlich per E-Mail erfolgen. Stornierungen bis 4 Wochen vor Beginn des Coachings\/der Veranstaltung sind kostenfrei. Bei Stornierungen bis 14 Tage vor Beginn ist eine Bearbeitungsgeb\u00fchr i.H.v. 25% der Coaching- bzw. Veranstaltungsgeb\u00fchr f\u00e4llig. Bei Stornierungen bis 7 Tage vor Beginn steigt die Geb\u00fchr auf 50% der Coaching- bzw. Veranstaltungsgeb\u00fchr. Bei einer Stornierung innerhalb von 48 Stunden vor Beginn ist das Coaching\/die Veranstaltung voll zu zahlen.<\/span><\/p><\/li><\/ol><ol start=\"6\"><li><span style=\"font-family: Arial, sans-serif;\"><b>\u00c4nderungen\/Absagen durch Marietta Bapoungue<\/b><\/span><p>\u00a0<\/p><p><span style=\"font-family: Arial, sans-serif;\">\u00c4nderungen in ausgeschriebenen Veranstaltungen und besprochenen Coachings beh\u00e4lt sich Marietta Bapoungue vor. Gleiches gilt f\u00fcr ersatzlose Streichung z.B. durch Krankheit oder zu geringe Teilnehmerzahl). Bei Absagen erfolgt selbstverst\u00e4ndlich die volle R\u00fcckerstattung bereits gezahlter Geb\u00fchren. Weitere Erstattungen gibt es nicht.<\/span><\/p><\/li><\/ol><ol start=\"7\"><li><span style=\"font-family: Arial, sans-serif;\"><b>Haftung<\/b><\/span><p>\u00a0<\/p><p><span style=\"font-family: Arial, sans-serif;\">Die Teilnahme an Coachings und Veranstaltungen erfolgt auf eigene Gefahr der Teilnehmer. Bei Veranstaltungen \u00fcbernimmt Marietta Bapoungue keine Haftung f\u00fcr mitgebrachte Gegenst\u00e4nde, insbesondere Wertgegenst\u00e4nde und Garderobe.<\/span><\/p><\/li><\/ol><ol start=\"8\"><li><span style=\"font-family: Arial, sans-serif;\"><b>Sonstiges<\/b><\/span><p><span style=\"font-family: Arial, sans-serif;\">M\u00fcndliche Nebenabreden werden nicht getroffen. \u00c4nderungen und Erg\u00e4nzungen dieser AGB bed\u00fcrfen der Schriftform. Sollte eine oder mehrere Bestimmungen dieser AGB unwirksam werden wird dadurch nicht die Wirksamkeit der \u00fcbrigen Bestimmungen ber\u00fchrt.<\/span><\/p><pre>\u00a0<\/pre><\/li><\/ol>\t\t\t\t\t\t\t\t<\/div>\n\t\t\t\t<\/div>\n\t\t\t\t\t<\/div>\n\t\t\t\t<\/div>\n\t\t\t\t<\/div>","protected":false},"excerpt":{"rendered":"<p>Allgemeine Gesch\u00e4ftsbedingungen (AGB) Geltungsbereich \u00a0 Diese AGB gelten f\u00fcr jegliche Nutzung der Coachings von Marietta Bapoungue unabh\u00e4ngig von Ort, Zeit und Art ihrer Durchf\u00fchrung, sofern sich nicht aus einem Einzelvertrag [&hellip;]<\/p>\n","protected":false},"author":1,"featured_media":0,"parent":0,"menu_order":0,"comment_status":"closed","ping_status":"closed","template":"","meta":{"ocean_post_layout":"full-screen","ocean_both_sidebars_style":"","ocean_both_sidebars_content_width":0,"ocean_both_sidebars_sidebars_width":0,"ocean_sidebar":"","ocean_second_sidebar":"","ocean_disable_margins":"enable","ocean_add_body_class":"","ocean_shortcode_before_top_bar":"","ocean_shortcode_after_top_bar":"","ocean_shortcode_before_header":"","ocean_shortcode_after_header":"","ocean_has_shortcode":"","ocean_shortcode_after_title":"","ocean_shortcode_before_footer_widgets":"","ocean_shortcode_after_footer_widgets":"","ocean_shortcode_before_footer_bottom":"","ocean_shortcode_after_footer_bottom":"","ocean_display_top_bar":"default","ocean_display_header":"default","ocean_header_style":"","ocean_center_header_left_menu":"","ocean_custom_header_template":"","ocean_custom_logo":0,"ocean_custom_retina_logo":0,"ocean_custom_logo_max_width":0,"ocean_custom_logo_tablet_max_width":0,"ocean_custom_logo_mobile_max_width":0,"ocean_custom_logo_max_height":0,"ocean_custom_logo_tablet_max_height":0,"ocean_custom_logo_mobile_max_height":0,"ocean_header_custom_menu":"","ocean_menu_typo_font_family":"","ocean_menu_typo_font_subset":"","ocean_menu_typo_font_size":0,"ocean_menu_typo_font_size_tablet":0,"ocean_menu_typo_font_size_mobile":0,"ocean_menu_typo_font_size_unit":"px","ocean_menu_typo_font_weight":"","ocean_menu_typo_font_weight_tablet":"","ocean_menu_typo_font_weight_mobile":"","ocean_menu_typo_transform":"","ocean_menu_typo_transform_tablet":"","ocean_menu_typo_transform_mobile":"","ocean_menu_typo_line_height":0,"ocean_menu_typo_line_height_tablet":0,"ocean_menu_typo_line_height_mobile":0,"ocean_menu_typo_line_height_unit":"","ocean_menu_typo_spacing":0,"ocean_menu_typo_spacing_tablet":0,"ocean_menu_typo_spacing_mobile":0,"ocean_menu_typo_spacing_unit":"","ocean_menu_link_color":"","ocean_menu_link_color_hover":"","ocean_menu_link_color_active":"","ocean_menu_link_background":"","ocean_menu_link_hover_background":"","ocean_menu_link_active_background":"","ocean_menu_social_links_bg":"","ocean_menu_social_hover_links_bg":"","ocean_menu_social_links_color":"","ocean_menu_social_hover_links_color":"","ocean_disable_title":"on","ocean_disable_heading":"default","ocean_post_title":"","ocean_post_subheading":"","ocean_post_title_style":"","ocean_post_title_background_color":"","ocean_post_title_background":0,"ocean_post_title_bg_image_position":"","ocean_post_title_bg_image_attachment":"","ocean_post_title_bg_image_repeat":"","ocean_post_title_bg_image_size":"","ocean_post_title_height":0,"ocean_post_title_bg_overlay":0.5,"ocean_post_title_bg_overlay_color":"","ocean_disable_breadcrumbs":"default","ocean_breadcrumbs_color":"","ocean_breadcrumbs_separator_color":"","ocean_breadcrumbs_links_color":"","ocean_breadcrumbs_links_hover_color":"","ocean_display_footer_widgets":"default","ocean_display_footer_bottom":"default","ocean_custom_footer_template":"","footnotes":""},"class_list":["post-361","page","type-page","status-publish","hentry","entry"],"_links":{"self":[{"href":"https:\/\/soulflame.eu\/en\/wp-json\/wp\/v2\/pages\/361","targetHints":{"allow":["GET"]}}],"collection":[{"href":"https:\/\/soulflame.eu\/en\/wp-json\/wp\/v2\/pages"}],"about":[{"href":"https:\/\/soulflame.eu\/en\/wp-json\/wp\/v2\/types\/page"}],"author":[{"embeddable":true,"href":"https:\/\/soulflame.eu\/en\/wp-json\/wp\/v2\/users\/1"}],"replies":[{"embeddable":true,"href":"https:\/\/soulflame.eu\/en\/wp-json\/wp\/v2\/comments?post=361"}],"version-history":[{"count":6,"href":"https:\/\/soulflame.eu\/en\/wp-json\/wp\/v2\/pages\/361\/revisions"}],"predecessor-version":[{"id":432,"href":"https:\/\/soulflame.eu\/en\/wp-json\/wp\/v2\/pages\/361\/revisions\/432"}],"wp:attachment":[{"href":"https:\/\/soulflame.eu\/en\/wp-json\/wp\/v2\/media?parent=361"}],"curies":[{"name":"wp","href":"https:\/\/api.w.org\/{rel}","templated":true}]}}